{"id":6,"date":"2019-11-05T17:00:10","date_gmt":"2019-11-05T16:00:10","guid":{"rendered":"http:\/\/tapestrappal.com\/?page_id=6"},"modified":"2026-03-11T10:09:47","modified_gmt":"2026-03-11T09:09:47","slug":"tape-strappal","status":"publish","type":"page","link":"https:\/\/tapestrappal.com\/","title":{"rendered":"Tape Strappal"},"content":{"rendered":"<p><div class=\"fusion-fullwidth fullwidth-box fusion-builder-row-1 nonhundred-percent-fullwidth non-hundred-percent-height-scrolling\" style=\"--awb-border-radius-top-left:0px;--awb-border-radius-top-right:0px;--awb-border-radius-bottom-right:0px;--awb-border-radius-bottom-left:0px;--awb-flex-wrap:wrap;\" ><div class=\"fusion-builder-row fusion-row\"><div class=\"fusion-layout-column fusion_builder_column fusion-builder-column-0 fusion_builder_column_1_1 1_1 fusion-one-full fusion-column-first fusion-column-last\" style=\"--awb-bg-size:cover;\"><div class=\"fusion-column-wrapper fusion-column-has-shadow fusion-flex-column-wrapper-legacy\"><div class=\"fusion-text fusion-text-1\"><h1 class=\"align-center pb-3 mbr-fonts-style display-2\" style=\"text-align: center;\">El vendaje de los profesionales<\/h1>\n<\/div><div class=\"fusion-text fusion-text-2\"><h2 class=\"mbr-section-subtitle align-center mbr-light mbr-fonts-style display-5\" style=\"text-align: center;\">Elige tape strappal, en cualquiera de sus dos versiones, para asegurarte una calidad inmejorable en sus materiales.<\/h2>\n<\/div><div class=\"fusion-builder-row fusion-builder-row-inner fusion-row\"><div class=\"fusion-layout-column fusion_builder_column_inner fusion-builder-nested-column-0 fusion_builder_column_inner_1_2 1_2 fusion-one-half fusion-column-first\" style=\"--awb-bg-size:cover;width:50%;width:calc(50% - ( ( 4% ) * 0.5 ) );margin-right: 4%;\"><div class=\"fusion-column-wrapper fusion-column-has-shadow fusion-flex-column-wrapper-legacy\"><div class=\"fusion-column-content-centered\"><div class=\"fusion-column-content\"><div class=\"fusion-alignright\"><a class=\"fusion-button button-flat button-xlarge button-custom fusion-button-default button-1 fusion-button-default-span fusion-no-small-visibility\" style=\"--button_accent_color:#ffffff;--button_border_color:#004b98;--button_accent_hover_color:#ffffff;--button_border_hover_color:#ffffff;--button_border_width-top:3px;--button_border_width-right:3px;--button_border_width-bottom:3px;--button_border_width-left:3px;--button-border-radius-top-left:6px;--button-border-radius-top-right:6px;--button-border-radius-bottom-right:6px;--button-border-radius-bottom-left:6px;--button_gradient_top_color:#004b98;--button_gradient_bottom_color:#004b98;--button_gradient_top_color_hover:#a0a0a0;--button_gradient_bottom_color_hover:#a0a0a0;\" target=\"_self\" href=\"https:\/\/sportfarmaglobal.com\/tapes-adhesivos\/strappal.html\"><span class=\"fusion-button-text\">Comprar ahora<\/span><\/a><\/div><\/div><\/div><div class=\"fusion-clearfix\"><\/div><\/div><\/div><div class=\"fusion-layout-column fusion_builder_column_inner fusion-builder-nested-column-1 fusion_builder_column_inner_1_2 1_2 fusion-one-half fusion-column-last\" style=\"--awb-bg-size:cover;width:50%;width:calc(50% - ( ( 4% ) * 0.5 ) );\"><div class=\"fusion-column-wrapper fusion-column-has-shadow fusion-flex-column-wrapper-legacy\"><div class=\"fusion-column-content-centered\"><div class=\"fusion-column-content\"><div class=\"fusion-alignleft\"><a class=\"fusion-button button-flat button-xlarge button-custom fusion-button-default button-2 fusion-button-default-span fusion-no-small-visibility\" style=\"--button_accent_color:#004b98;--button_border_color:#004b98;--button_accent_hover_color:#ffffff;--button_border_hover_color:#ffffff;--button_border_width-top:3px;--button_border_width-right:3px;--button_border_width-bottom:3px;--button_border_width-left:3px;--button-border-radius-top-left:6px;--button-border-radius-top-right:6px;--button-border-radius-bottom-right:6px;--button-border-radius-bottom-left:6px;--button_gradient_top_color:#ffffff;--button_gradient_bottom_color:#ffffff;--button_gradient_top_color_hover:#004b98;--button_gradient_bottom_color_hover:#004b98;\" target=\"_self\" href=\"https:\/\/sportfarmaglobal.com\/index.php?controller=attachment&amp;id_attachment=98\"><span class=\"fusion-button-text\">Informaci\u00f3n T\u00e9cnica<\/span><\/a><\/div><\/div><\/div><div class=\"fusion-clearfix\"><\/div><\/div><\/div><\/div><div class=\"fusion-aligncenter\"><a class=\"fusion-button button-flat fusion-button-default-size button-custom fusion-button-default button-3 fusion-button-default-span fusion-button-default-type fusion-no-medium-visibility fusion-no-large-visibility\" style=\"--button_accent_color:#ffffff;--button_accent_hover_color:#ffffff;--button_border_hover_color:#ffffff;--button_gradient_top_color:#004b98;--button_gradient_bottom_color:#004b98;--button_gradient_top_color_hover:#607d8b;--button_gradient_bottom_color_hover:#607d8b;\" target=\"_self\" href=\"https:\/\/sportfarmaglobal.com\/tapes-adhesivos\/strappal.html\"><span class=\"fusion-button-text\">Comprar ahora<\/span><\/a><\/div><div class=\"fusion-clearfix\"><\/div><\/div><\/div><\/div><\/div><div class=\"fusion-fullwidth fullwidth-box fusion-builder-row-2 fusion-parallax-none nonhundred-percent-fullwidth non-hundred-percent-height-scrolling\" style=\"--awb-border-radius-top-left:0px;--awb-border-radius-top-right:0px;--awb-border-radius-bottom-right:0px;--awb-border-radius-bottom-left:0px;--awb-background-image:url(&quot;http:\/\/tapestrappal.com\/wp-content\/uploads\/2019\/11\/light_gradient_bands_bg-300x129.jpg&quot;);--awb-background-size:cover;--awb-flex-wrap:wrap;\" ><div class=\"fusion-builder-row fusion-row\"><div class=\"fusion-layout-column fusion_builder_column fusion-builder-column-1 fusion_builder_column_1_2 1_2 fusion-one-half fusion-column-first\" style=\"--awb-padding-top:5%;--awb-padding-bottom:5%;--awb-bg-size:cover;width:50%;width:calc(50% - ( ( 4% ) * 0.5 ) );margin-right: 4%;\"><div class=\"fusion-column-wrapper fusion-column-has-shadow fusion-flex-column-wrapper-legacy\"><div class=\"fusion-image-element fusion-image-align-center in-legacy-container\" style=\"text-align:center;--awb-bottom-shadow-color:rgba(0,0,0,0.4);--awb-caption-title-font-family:var(--h2_typography-font-family);--awb-caption-title-font-weight:var(--h2_typography-font-weight);--awb-caption-title-font-style:var(--h2_typography-font-style);--awb-caption-title-size:var(--h2_typography-font-size);--awb-caption-title-transform:var(--h2_typography-text-transform);--awb-caption-title-line-height:var(--h2_typography-line-height);--awb-caption-title-letter-spacing:var(--h2_typography-letter-spacing);\"><div class=\"imageframe-align-center\"><div class=\"awb-image-frame awb-image-frame-1 fusion-image-frame-bottomshadow element-bottomshadow image-frame-shadow-1\"><span class=\" fusion-imageframe imageframe-bottomshadow imageframe-1 element-bottomshadow hover-type-zoomin\"><a class=\"fusion-no-lightbox\" href=\"https:\/\/sportfarmaglobal.com\/tapes-adhesivos\/strappal.html\" target=\"_blank\" aria-label=\"strappal\" rel=\"noopener noreferrer\"><img decoding=\"async\" width=\"400\" height=\"265\" src=\"http:\/\/tapestrappal.com\/wp-content\/uploads\/2019\/11\/strappal-400x265.jpg\" alt class=\"img-responsive wp-image-20\" srcset=\"https:\/\/tapestrappal.com\/wp-content\/uploads\/2019\/11\/strappal-200x133.jpg 200w, https:\/\/tapestrappal.com\/wp-content\/uploads\/2019\/11\/strappal-400x265.jpg 400w, https:\/\/tapestrappal.com\/wp-content\/uploads\/2019\/11\/strappal-600x398.jpg 600w, https:\/\/tapestrappal.com\/wp-content\/uploads\/2019\/11\/strappal.jpg 678w\" sizes=\"(max-width: 800px) 100vw, 600px\" \/><\/a><\/span><\/div><\/div><\/div><div class=\"fusion-sep-clear\"><\/div><div class=\"fusion-separator fusion-full-width-sep\" style=\"margin-left: auto;margin-right: auto;margin-top:2%;margin-bottom:2%;width:100%;\"><\/div><div class=\"fusion-sep-clear\"><\/div><div class=\"fusion-aligncenter\"><a class=\"fusion-button button-flat button-xlarge button-custom fusion-button-default button-4 fusion-button-default-span fusion-button-default-type\" style=\"--button_accent_color:#ffffff;--button_accent_hover_color:#ffffff;--button_border_hover_color:#ffffff;--button_gradient_top_color:#004b98;--button_gradient_bottom_color:#004b98;--button_gradient_top_color_hover:#a0a0a0;--button_gradient_bottom_color_hover:#a0a0a0;\" target=\"_self\" href=\"https:\/\/sportfarmaglobal.com\/tapes-adhesivos\/strappal.html\"><span class=\"fusion-button-text\">Comprar Tape Strappal<\/span><\/a><\/div><div class=\"fusion-clearfix\"><\/div><\/div><\/div><div class=\"fusion-layout-column fusion_builder_column fusion-builder-column-2 fusion_builder_column_1_2 1_2 fusion-one-half fusion-column-last\" style=\"--awb-padding-top:5%;--awb-padding-bottom:5%;--awb-bg-size:cover;width:50%;width:calc(50% - ( ( 4% ) * 0.5 ) );\"><div class=\"fusion-column-wrapper fusion-column-has-shadow fusion-flex-column-wrapper-legacy\"><div class=\"fusion-image-element fusion-image-align-center in-legacy-container\" style=\"text-align:center;--awb-bottom-shadow-color:rgba(0,0,0,0.4);--awb-caption-title-font-family:var(--h2_typography-font-family);--awb-caption-title-font-weight:var(--h2_typography-font-weight);--awb-caption-title-font-style:var(--h2_typography-font-style);--awb-caption-title-size:var(--h2_typography-font-size);--awb-caption-title-transform:var(--h2_typography-text-transform);--awb-caption-title-line-height:var(--h2_typography-line-height);--awb-caption-title-letter-spacing:var(--h2_typography-letter-spacing);\"><div class=\"imageframe-align-center\"><div class=\"awb-image-frame awb-image-frame-2 fusion-image-frame-bottomshadow element-bottomshadow image-frame-shadow-2\"><span class=\" fusion-imageframe imageframe-bottomshadow imageframe-2 element-bottomshadow hover-type-zoomin\"><a class=\"fusion-no-lightbox\" href=\"https:\/\/sportfarmaglobal.com\/tapes-adhesivos\/strappal-forte.html\" target=\"_self\" aria-label=\"strappalforte\"><img decoding=\"async\" width=\"400\" height=\"265\" src=\"http:\/\/tapestrappal.com\/wp-content\/uploads\/2019\/11\/strappalforte-400x265.jpg\" alt class=\"img-responsive wp-image-23\" srcset=\"https:\/\/tapestrappal.com\/wp-content\/uploads\/2019\/11\/strappalforte-200x133.jpg 200w, https:\/\/tapestrappal.com\/wp-content\/uploads\/2019\/11\/strappalforte-400x265.jpg 400w, https:\/\/tapestrappal.com\/wp-content\/uploads\/2019\/11\/strappalforte-600x398.jpg 600w, https:\/\/tapestrappal.com\/wp-content\/uploads\/2019\/11\/strappalforte.jpg 678w\" sizes=\"(max-width: 800px) 100vw, 600px\" \/><\/a><\/span><\/div><\/div><\/div><div class=\"fusion-sep-clear\"><\/div><div class=\"fusion-separator fusion-full-width-sep\" style=\"margin-left: auto;margin-right: auto;margin-top:2%;margin-bottom:2%;width:100%;\"><\/div><div class=\"fusion-sep-clear\"><\/div><div class=\"fusion-aligncenter\"><a class=\"fusion-button button-flat button-xlarge button-custom fusion-button-default button-5 fusion-button-default-span fusion-button-default-type\" style=\"--button_accent_color:#ffffff;--button_accent_hover_color:#ffffff;--button_border_hover_color:#ffffff;--button_gradient_top_color:#004b98;--button_gradient_bottom_color:#004b98;--button_gradient_top_color_hover:#a0a0a0;--button_gradient_bottom_color_hover:#a0a0a0;\" target=\"_self\" href=\"https:\/\/sportfarmaglobal.com\/tapes-adhesivos\/strappal-forte.html\"><span class=\"fusion-button-text\">Comprar Strappal Forte<\/span><\/a><\/div><div class=\"fusion-clearfix\"><\/div><\/div><\/div><\/div><\/div><div class=\"fusion-fullwidth fullwidth-box fusion-builder-row-3 nonhundred-percent-fullwidth non-hundred-percent-height-scrolling\" style=\"--awb-border-radius-top-left:0px;--awb-border-radius-top-right:0px;--awb-border-radius-bottom-right:0px;--awb-border-radius-bottom-left:0px;--awb-flex-wrap:wrap;\" ><div class=\"fusion-builder-row fusion-row\"><div class=\"fusion-layout-column fusion_builder_column fusion-builder-column-3 fusion_builder_column_1_2 1_2 fusion-one-half fusion-column-first\" style=\"--awb-padding-top:2%;--awb-bg-size:cover;width:50%;width:calc(50% - ( ( 4% ) * 0.5 ) );margin-right: 4%;\"><div class=\"fusion-column-wrapper fusion-column-has-shadow fusion-flex-column-wrapper-legacy\"><div class=\"fusion-title title fusion-title-1 fusion-title-text fusion-title-size-one\"><h1 class=\"fusion-title-heading title-heading-left\" style=\"margin:0;\"><p style=\"text-align: center; color: #004b98;\">Indicaciones<\/p><\/h1><span class=\"awb-title-spacer\"><\/span><div class=\"title-sep-container\"><div class=\"title-sep sep-double sep-solid\" style=\"border-color:#e0dede;\"><\/div><\/div><\/div><ul style=\"--awb-line-height:23.8px;--awb-icon-width:23.8px;--awb-icon-height:23.8px;--awb-icon-margin:9.8px;--awb-content-margin:33.6px;--awb-circlecolor:#65bc7b;--awb-circle-yes-font-size:12.32px;\" class=\"fusion-checklist fusion-checklist-1 fusion-checklist-default type-icons\"><li class=\"fusion-li-item\" style=\"\"><span class=\"icon-wrapper circle-yes\"><i class=\"fusion-li-icon awb-icon-check\" aria-hidden=\"true\"><\/i><\/span><div class=\"fusion-li-item-content\">\n<p><strong>Tape Strappal<\/strong>, venda adhesiva\u00a0indicada en vendajes de contenci\u00f3n, soporte y descarga de lesiones, tanto leves como moderadas, as\u00ed como en torceduras y esguinces articulares y en casos de roturas musculares.<\/p>\n<\/div><\/li><li class=\"fusion-li-item\" style=\"\"><span class=\"icon-wrapper circle-yes\"><i class=\"fusion-li-icon awb-icon-check\" aria-hidden=\"true\"><\/i><\/span><div class=\"fusion-li-item-content\">\n<p><strong>Strappal<\/strong>\u00a0permite la realizaci\u00f3n de vendajes funcionales, para la prevenci\u00f3n y el tratamiento de lesiones en zonas articulares y musculares, especialmente indiciado en medicina deportiva.<\/p>\n<\/div><\/li><\/ul><div class=\"fusion-clearfix\"><\/div><\/div><\/div><div class=\"fusion-layout-column fusion_builder_column fusion-builder-column-4 fusion_builder_column_1_2 1_2 fusion-one-half fusion-column-last\" style=\"--awb-padding-top:2%;--awb-bg-size:cover;width:50%;width:calc(50% - ( ( 4% ) * 0.5 ) );\"><div class=\"fusion-column-wrapper fusion-column-has-shadow fusion-flex-column-wrapper-legacy\"><div class=\"fusion-title title fusion-title-2 fusion-title-text fusion-title-size-one\"><h1 class=\"fusion-title-heading title-heading-left\" style=\"margin:0;\"><p style=\"text-align: center; color: #004b98;\">Caracter\u00edsticas<\/p><\/h1><span class=\"awb-title-spacer\"><\/span><div class=\"title-sep-container\"><div class=\"title-sep sep-double sep-solid\" style=\"border-color:#e0dede;\"><\/div><\/div><\/div><ul style=\"--awb-line-height:23.8px;--awb-icon-width:23.8px;--awb-icon-height:23.8px;--awb-icon-margin:9.8px;--awb-content-margin:33.6px;--awb-circlecolor:#65bc7b;--awb-circle-yes-font-size:12.32px;\" class=\"fusion-checklist fusion-checklist-2 fusion-checklist-default type-icons\"><li class=\"fusion-li-item\" style=\"\"><span class=\"icon-wrapper circle-yes\"><i class=\"fusion-li-icon awb-icon-check\" aria-hidden=\"true\"><\/i><\/span><div class=\"fusion-li-item-content\">\n<p><strong>Strappal tape<\/strong> tiene una fijaci\u00f3n inicial y duradera inmejorable, gracias a su potente adhesivo hipoalerg\u00e9nico, uno de los mejores del mercado, lo que lo convierte en uno de los tapes m\u00e1s utilizados por los profesionales sanitarios.<\/p>\n<\/div><\/li><li class=\"fusion-li-item\" style=\"\"><span class=\"icon-wrapper circle-yes\"><i class=\"fusion-li-icon awb-icon-check\" aria-hidden=\"true\"><\/i><\/span><div class=\"fusion-li-item-content\">\n<p>El tape\u00a0<strong>Strappal<\/strong>\u00a0es inel\u00e1stico, por lo que realiza un fuerte soporte, y una limitaci\u00f3n selectiva de los movimientos.<\/p>\n<\/div><\/li><li class=\"fusion-li-item\" style=\"\"><span class=\"icon-wrapper circle-yes\"><i class=\"fusion-li-icon awb-icon-check\" aria-hidden=\"true\"><\/i><\/span><div class=\"fusion-li-item-content\">Su tejido es flexible, lo que facilita su aplicaci\u00f3n, rasgable con las manos y con los bordes dentados, que evitan el deshilachamiento.<\/div><\/li><\/ul><div class=\"fusion-clearfix\"><\/div><\/div><\/div><\/div><\/div><div class=\"fusion-fullwidth fullwidth-box fusion-builder-row-4 fusion-parallax-none nonhundred-percent-fullwidth non-hundred-percent-height-scrolling\" style=\"--awb-border-radius-top-left:0px;--awb-border-radius-top-right:0px;--awb-border-radius-bottom-right:0px;--awb-border-radius-bottom-left:0px;--awb-padding-top:5%;--awb-background-image:url(&quot;http:\/\/tapestrappal.com\/wp-content\/uploads\/2019\/11\/light_gradient_violet_bg-600x303.jpg&quot;);--awb-background-size:cover;--awb-flex-wrap:wrap;\" ><div class=\"fusion-builder-row fusion-row\"><div class=\"fusion-layout-column fusion_builder_column fusion-builder-column-5 fusion_builder_column_1_2 1_2 fusion-one-half fusion-column-first\" style=\"--awb-bg-size:cover;width:50%;width:calc(50% - ( ( 4% ) * 0.5 ) );margin-right: 4%;\"><div class=\"fusion-column-wrapper fusion-column-has-shadow fusion-flex-column-wrapper-legacy\"><div class=\"fusion-image-element in-legacy-container\" style=\"--awb-caption-title-font-family:var(--h2_typography-font-family);--awb-caption-title-font-weight:var(--h2_typography-font-weight);--awb-caption-title-font-style:var(--h2_typography-font-style);--awb-caption-title-size:var(--h2_typography-font-size);--awb-caption-title-transform:var(--h2_typography-text-transform);--awb-caption-title-line-height:var(--h2_typography-line-height);--awb-caption-title-letter-spacing:var(--h2_typography-letter-spacing);\"><span class=\" fusion-imageframe imageframe-none imageframe-3 hover-type-none\"><a class=\"fusion-no-lightbox\" href=\"https:\/\/sportfarmaglobal.com\/tapes-adhesivos\/strappal.html#\/338-dimensiones-pack_24und_4cm_12_pretape_envio_gratis\" target=\"_self\" aria-label=\"pack\"><img decoding=\"async\" width=\"800\" height=\"800\" src=\"http:\/\/tapestrappal.com\/wp-content\/uploads\/2022\/10\/pack.jpg\" alt class=\"img-responsive wp-image-47\" srcset=\"https:\/\/tapestrappal.com\/wp-content\/uploads\/2022\/10\/pack-200x200.jpg 200w, https:\/\/tapestrappal.com\/wp-content\/uploads\/2022\/10\/pack-400x400.jpg 400w, https:\/\/tapestrappal.com\/wp-content\/uploads\/2022\/10\/pack-600x600.jpg 600w, https:\/\/tapestrappal.com\/wp-content\/uploads\/2022\/10\/pack.jpg 800w\" sizes=\"(max-width: 800px) 100vw, 800px\" \/><\/a><\/span><\/div><div class=\"fusion-clearfix\"><\/div><\/div><\/div><div class=\"fusion-layout-column fusion_builder_column fusion-builder-column-6 fusion_builder_column_1_2 1_2 fusion-one-half fusion-column-last\" style=\"--awb-bg-size:cover;width:50%;width:calc(50% - ( ( 4% ) * 0.5 ) );\"><div class=\"fusion-column-wrapper fusion-column-has-shadow fusion-flex-column-wrapper-legacy\"><div class=\"fusion-text fusion-text-3\"><h2 style=\"color: #004b98; font-size: 50px;\">Pack vendaje<\/h2>\n<h3 class=\"mbr-text mb-5 pt-3 mbr-light mbr-fonts-style display-5\">El pack imprescindible para realizar vendajes deportivos.<\/h3>\n<div class=\"block-content\">\n<div class=\"card p-3 pr-3\">\n<div class=\"media-body\">\n<h3 style=\"color: #004b98;\">24 unidades de Strappal + 12 Pretape<\/h3>\n<\/div>\n<div class=\"card-box\">\n<h3 class=\"block-text mbr-fonts-style display-7\">Este pack incluye 24 unidades de tape Strappal de 4cm y 12 unidades de pretape, estos \u00faltimos son imprescindibles para realizar un correcto vendaje, ya que evitan el contacto directo del tape con la piel, asegurando as\u00ed que esta no sufra da\u00f1os.<\/h3>\n<\/div>\n<\/div>\n<\/div>\n<\/div><div class=\"fusion-aligncenter\"><a class=\"fusion-button button-flat button-xlarge button-custom fusion-button-default button-6 fusion-button-default-span fusion-button-default-type\" style=\"--button_accent_color:#ffffff;--button_accent_hover_color:#ffffff;--button_border_hover_color:#ffffff;--button_gradient_top_color:#004b98;--button_gradient_bottom_color:#004b98;--button_gradient_top_color_hover:#a0a0a0;--button_gradient_bottom_color_hover:#a0a0a0;\" target=\"_self\" href=\"https:\/\/sportfarmaglobal.com\/tapes-adhesivos\/pack-strappal.html\"><span class=\"fusion-button-text\">\u00a1Aprovecha la oferta!<\/span><\/a><\/div><div class=\"fusion-clearfix\"><\/div><\/div><\/div><\/div><\/div><\/p>\n","protected":false},"excerpt":{"rendered":"","protected":false},"author":1,"featured_media":0,"parent":0,"menu_order":0,"comment_status":"closed","ping_status":"closed","template":"100-width.php","meta":{"footnotes":""},"class_list":["post-6","page","type-page","status-publish","hentry"],"yoast_head":"<!-- This site is optimized with the Yoast SEO plugin v27.1.1 - https:\/\/yoast.com\/product\/yoast-seo-wordpress\/ -->\n<title>Tape Strappal - Tape Strappal<\/title>\n<meta name=\"robots\" content=\"index, follow, max-snippet:-1, max-image-preview:large, max-video-preview:-1\" \/>\n<link rel=\"canonical\" href=\"https:\/\/tapestrappal.com\/\" \/>\n<meta property=\"og:locale\" content=\"es_ES\" \/>\n<meta property=\"og:type\" content=\"article\" \/>\n<meta property=\"og:title\" content=\"Tape Strappal - Tape Strappal\" \/>\n<meta property=\"og:url\" content=\"https:\/\/tapestrappal.com\/\" \/>\n<meta property=\"og:site_name\" content=\"Tape Strappal\" \/>\n<meta property=\"article:modified_time\" content=\"2026-03-11T09:09:47+00:00\" \/>\n<meta name=\"twitter:card\" content=\"summary_large_image\" \/>\n<meta name=\"twitter:label1\" content=\"Tiempo de lectura\" \/>\n\t<meta name=\"twitter:data1\" content=\"2 minutos\" \/>\n<script type=\"application\/ld+json\" class=\"yoast-schema-graph\">{\"@context\":\"https:\/\/schema.org\",\"@graph\":[{\"@type\":\"WebPage\",\"@id\":\"https:\/\/tapestrappal.com\/\",\"url\":\"https:\/\/tapestrappal.com\/\",\"name\":\"Tape Strappal - Tape Strappal\",\"isPartOf\":{\"@id\":\"https:\/\/tapestrappal.com\/#website\"},\"datePublished\":\"2019-11-05T16:00:10+00:00\",\"dateModified\":\"2026-03-11T09:09:47+00:00\",\"breadcrumb\":{\"@id\":\"https:\/\/tapestrappal.com\/#breadcrumb\"},\"inLanguage\":\"es\",\"potentialAction\":[{\"@type\":\"ReadAction\",\"target\":[\"https:\/\/tapestrappal.com\/\"]}]},{\"@type\":\"BreadcrumbList\",\"@id\":\"https:\/\/tapestrappal.com\/#breadcrumb\",\"itemListElement\":[{\"@type\":\"ListItem\",\"position\":1,\"name\":\"Portada\",\"item\":\"https:\/\/tapestrappal.com\/\"},{\"@type\":\"ListItem\",\"position\":2,\"name\":\"Tape Strappal\"}]},{\"@type\":\"WebSite\",\"@id\":\"https:\/\/tapestrappal.com\/#website\",\"url\":\"https:\/\/tapestrappal.com\/\",\"name\":\"Tape Strappal\",\"description\":\"Informaci\u00f3n sobre Tape Strappal y Strappal Forte\",\"potentialAction\":[{\"@type\":\"SearchAction\",\"target\":{\"@type\":\"EntryPoint\",\"urlTemplate\":\"https:\/\/tapestrappal.com\/?s={search_term_string}\"},\"query-input\":{\"@type\":\"PropertyValueSpecification\",\"valueRequired\":true,\"valueName\":\"search_term_string\"}}],\"inLanguage\":\"es\"}]}<\/script>\n<!-- \/ Yoast SEO plugin. -->","yoast_head_json":{"title":"Tape Strappal - Tape Strappal","robots":{"index":"index","follow":"follow","max-snippet":"max-snippet:-1","max-image-preview":"max-image-preview:large","max-video-preview":"max-video-preview:-1"},"canonical":"https:\/\/tapestrappal.com\/","og_locale":"es_ES","og_type":"article","og_title":"Tape Strappal - Tape Strappal","og_url":"https:\/\/tapestrappal.com\/","og_site_name":"Tape Strappal","article_modified_time":"2026-03-11T09:09:47+00:00","twitter_card":"summary_large_image","twitter_misc":{"Tiempo de lectura":"2 minutos"},"schema":{"@context":"https:\/\/schema.org","@graph":[{"@type":"WebPage","@id":"https:\/\/tapestrappal.com\/","url":"https:\/\/tapestrappal.com\/","name":"Tape Strappal - Tape Strappal","isPartOf":{"@id":"https:\/\/tapestrappal.com\/#website"},"datePublished":"2019-11-05T16:00:10+00:00","dateModified":"2026-03-11T09:09:47+00:00","breadcrumb":{"@id":"https:\/\/tapestrappal.com\/#breadcrumb"},"inLanguage":"es","potentialAction":[{"@type":"ReadAction","target":["https:\/\/tapestrappal.com\/"]}]},{"@type":"BreadcrumbList","@id":"https:\/\/tapestrappal.com\/#breadcrumb","itemListElement":[{"@type":"ListItem","position":1,"name":"Portada","item":"https:\/\/tapestrappal.com\/"},{"@type":"ListItem","position":2,"name":"Tape Strappal"}]},{"@type":"WebSite","@id":"https:\/\/tapestrappal.com\/#website","url":"https:\/\/tapestrappal.com\/","name":"Tape Strappal","description":"Informaci\u00f3n sobre Tape Strappal y Strappal Forte","potentialAction":[{"@type":"SearchAction","target":{"@type":"EntryPoint","urlTemplate":"https:\/\/tapestrappal.com\/?s={search_term_string}"},"query-input":{"@type":"PropertyValueSpecification","valueRequired":true,"valueName":"search_term_string"}}],"inLanguage":"es"}]}},"_links":{"self":[{"href":"https:\/\/tapestrappal.com\/index.php\/wp-json\/wp\/v2\/pages\/6","targetHints":{"allow":["GET"]}}],"collection":[{"href":"https:\/\/tapestrappal.com\/index.php\/wp-json\/wp\/v2\/pages"}],"about":[{"href":"https:\/\/tapestrappal.com\/index.php\/wp-json\/wp\/v2\/types\/page"}],"author":[{"embeddable":true,"href":"https:\/\/tapestrappal.com\/index.php\/wp-json\/wp\/v2\/users\/1"}],"replies":[{"embeddable":true,"href":"https:\/\/tapestrappal.com\/index.php\/wp-json\/wp\/v2\/comments?post=6"}],"version-history":[{"count":22,"href":"https:\/\/tapestrappal.com\/index.php\/wp-json\/wp\/v2\/pages\/6\/revisions"}],"predecessor-version":[{"id":74,"href":"https:\/\/tapestrappal.com\/index.php\/wp-json\/wp\/v2\/pages\/6\/revisions\/74"}],"wp:attachment":[{"href":"https:\/\/tapestrappal.com\/index.php\/wp-json\/wp\/v2\/media?parent=6"}],"curies":[{"name":"wp","href":"https:\/\/api.w.org\/{rel}","templated":true}]}}